{"id":17735,"date":"2025-07-13T12:02:56","date_gmt":"2025-07-13T10:02:56","guid":{"rendered":"https:\/\/topmarkt.unco.eu\/product\/emela-sauerkraut\/"},"modified":"2025-07-13T12:02:56","modified_gmt":"2025-07-13T10:02:56","slug":"emela-sauerkraut","status":"publish","type":"product","link":"https:\/\/topmarkt.unco.eu\/en\/product\/emela-sauerkraut\/","title":{"rendered":"Emela Sauerkraut"},"content":{"rendered":"<p>Genie\u00dfen Sie den herzhaften Geschmack von frischem, knusprigem Sauerkraut! Perfekt f\u00fcr Ihre Lieblingsgerichte oder als gesunde Beilage. Ideal f\u00fcr eine ausgewogene Ern\u00e4hrung und voller Vitalstoffe.<\/p>\n","protected":false},"excerpt":{"rendered":"<p>Genie\u00dfen Sie den herzhaften Geschmack von frischem, knusprigem Sauerkraut! Perfekt f\u00fcr Ihre Lieblingsgerichte oder als gesunde Beilage. Ideal f\u00fcr eine ausgewogene Ern\u00e4hrung und voller Vitalstoffe.<\/p>\n","protected":false},"featured_media":0,"template":"","meta":{"_bst_post_transparent":"","_bst_post_title":"","_bst_post_layout":"","_bst_post_sidebar_id":"","_bst_post_content_style":"","_bst_post_vertical_padding":"","_bst_post_feature":"","_bst_post_feature_position":"","_bst_post_header":false,"_bst_post_footer":false},"product_brand":[],"product_cat":[],"product_tag":[],"class_list":{"0":"post-17735","1":"product","2":"type-product","3":"status-publish","6":"first","7":"instock","8":"shipping-taxable","9":"purchasable","10":"product-type-simple","11":"entry","12":"content-bg","13":"loop-entry"},"_links":{"self":[{"href":"https:\/\/topmarkt.unco.eu\/en\/wp-json\/wp\/v2\/product\/17735","targetHints":{"allow":["GET"]}}],"collection":[{"href":"https:\/\/topmarkt.unco.eu\/en\/wp-json\/wp\/v2\/product"}],"about":[{"href":"https:\/\/topmarkt.unco.eu\/en\/wp-json\/wp\/v2\/types\/product"}],"version-history":[{"count":0,"href":"https:\/\/topmarkt.unco.eu\/en\/wp-json\/wp\/v2\/product\/17735\/revisions"}],"wp:attachment":[{"href":"https:\/\/topmarkt.unco.eu\/en\/wp-json\/wp\/v2\/media?parent=17735"}],"wp:term":[{"taxonomy":"product_brand","embeddable":true,"href":"https:\/\/topmarkt.unco.eu\/en\/wp-json\/wp\/v2\/product_brand?post=17735"},{"taxonomy":"product_cat","embeddable":true,"href":"https:\/\/topmarkt.unco.eu\/en\/wp-json\/wp\/v2\/product_cat?post=17735"},{"taxonomy":"product_tag","embeddable":true,"href":"https:\/\/topmarkt.unco.eu\/en\/wp-json\/wp\/v2\/product_tag?post=17735"}],"curies":[{"name":"wp","href":"https:\/\/api.w.org\/{rel}","templated":true}]}}